{"id":135,"date":"2018-09-06T10:50:56","date_gmt":"2018-09-06T07:50:56","guid":{"rendered":"http:\/\/www.kelokolo.fi\/?page_id=135"},"modified":"2023-11-13T18:20:43","modified_gmt":"2023-11-13T16:20:43","slug":"tee-varauspyynto","status":"publish","type":"page","link":"http:\/\/www.kelokolo.fi\/?page_id=135","title":{"rendered":"Tee varauspyynt\u00f6"},"content":{"rendered":"\n<table id=\"tablepress-1\" class=\"tablepress tablepress-id-1\">\n<tbody>\n<tr class=\"row-1\">\n\t<td class=\"column-1\"><div data-post-id=\"148\" class=\"insert-page insert-page-148 \"><h5>VARATUT AJAT<\/h5>\n<p><strong>Vuosi 2026<\/strong><\/p>\n<p>vk 11<\/p>\n<p>vk 12<\/p>\n<p>vk 13<\/p>\n<p>vk 14<\/p>\n<p>vk 15<\/p>\n<p>vk 16<\/p>\n<p>vk 17<\/p>\n<p>vk 18<\/p>\n<p>vk 31 osa<\/p>\n<p>vk 32 osa<\/p>\n<p>vk 41<\/p>\n<p>vk 52<\/p>\n<\/div><br \/>\n<br \/>\n<div role=\"form\" class=\"wpcf7\" id=\"wpcf7-f12-p135-o1\" lang=\"fi\" dir=\"ltr\">\n<div class=\"screen-reader-response\"><\/div>\n<form action=\"\/?page_id=135#wpcf7-f12-p135-o1\" method=\"post\" class=\"wpcf7-form\" novalidate=\"novalidate\">\n<div style=\"display: none;\">\n<input type=\"hidden\" name=\"_wpcf7\" value=\"12\" \/>\n<input type=\"hidden\" name=\"_wpcf7_version\" value=\"5.0.3\" \/>\n<input type=\"hidden\" name=\"_wpcf7_locale\" value=\"fi\" \/>\n<input type=\"hidden\" name=\"_wpcf7_unit_tag\" value=\"wpcf7-f12-p135-o1\" \/>\n<input type=\"hidden\" name=\"_wpcf7_container_post\" value=\"135\" \/>\n<\/div>\n<h5>TEE VARAUS<\/h5>\n<p><i>Varauksien vaihtop\u00e4iv\u00e4 on aina lauantai. Viikkoa lyhemm\u00e4t varaukset sopimuksen mukaan.<\/i><\/p>\n<p><i>Voit tehd\u00e4 varauksen puhelimella, numeroista 040 829 0774 tai 0400 803781<\/i><\/p>\n<div class=\"wpcf7-response-output wpcf7-display-none\"><\/div><\/form><\/div><\/td><td class=\"column-2\"><\/td>\n<\/tr>\n<\/tbody>\n<\/table>\n<!-- #tablepress-1 from cache -->\n","protected":false},"excerpt":{"rendered":"","protected":false},"author":1,"featured_media":0,"parent":0,"menu_order":0,"comment_status":"closed","ping_status":"closed","template":"","meta":{"footnotes":""},"_links":{"self":[{"href":"http:\/\/www.kelokolo.fi\/index.php?rest_route=\/wp\/v2\/pages\/135"}],"collection":[{"href":"http:\/\/www.kelokolo.fi\/index.php?rest_route=\/wp\/v2\/pages"}],"about":[{"href":"http:\/\/www.kelokolo.fi\/index.php?rest_route=\/wp\/v2\/types\/page"}],"author":[{"embeddable":true,"href":"http:\/\/www.kelokolo.fi\/index.php?rest_route=\/wp\/v2\/users\/1"}],"replies":[{"embeddable":true,"href":"http:\/\/www.kelokolo.fi\/index.php?rest_route=%2Fwp%2Fv2%2Fcomments&post=135"}],"version-history":[{"count":32,"href":"http:\/\/www.kelokolo.fi\/index.php?rest_route=\/wp\/v2\/pages\/135\/revisions"}],"predecessor-version":[{"id":370,"href":"http:\/\/www.kelokolo.fi\/index.php?rest_route=\/wp\/v2\/pages\/135\/revisions\/370"}],"wp:attachment":[{"href":"http:\/\/www.kelokolo.fi\/index.php?rest_route=%2Fwp%2Fv2%2Fmedia&parent=135"}],"curies":[{"name":"wp","href":"https:\/\/api.w.org\/{rel}","templated":true}]}}