{"id":218,"date":"2018-09-06T15:45:54","date_gmt":"2018-09-06T12:45:54","guid":{"rendered":"http:\/\/www.kelokolo.fi\/?page_id=218"},"modified":"2018-09-06T15:50:17","modified_gmt":"2018-09-06T12:50:17","slug":"sijainti-ja-ajo-ohjeet","status":"publish","type":"page","link":"http:\/\/www.kelokolo.fi\/?page_id=218","title":{"rendered":"Sijainti ja ajo-ohjeet"},"content":{"rendered":"<h5>SIJAINTI JA AJO-OHJEET<\/h5>\n<p><a href=\"https:\/\/goo.gl\/maps\/yfp3wAo4bzN2\" target=\"_blank\" rel=\"noopener\">N\u00e4yt\u00e4 sijainti kartalla<\/a><\/p>\n<p><strong>Ajo-ohje<\/strong><\/p>\n<p><em>Avaa kuva suurempana klikkaamalla sit\u00e4<\/em><\/p>\n<p><a href=\"http:\/\/www.kelokolo.fi\/wp-content\/uploads\/2018\/09\/Ajo-ohjeet.png\"><img loading=\"lazy\" decoding=\"async\" class=\"alignnone wp-image-147 size-medium\" src=\"http:\/\/www.kelokolo.fi\/wp-content\/uploads\/2018\/09\/Ajo-ohjeet-186x300.png\" alt=\"\" width=\"186\" height=\"300\" srcset=\"http:\/\/www.kelokolo.fi\/wp-content\/uploads\/2018\/09\/Ajo-ohjeet-186x300.png 186w, http:\/\/www.kelokolo.fi\/wp-content\/uploads\/2018\/09\/Ajo-ohjeet-768x1241.png 768w, http:\/\/www.kelokolo.fi\/wp-content\/uploads\/2018\/09\/Ajo-ohjeet-634x1024.png 634w, http:\/\/www.kelokolo.fi\/wp-content\/uploads\/2018\/09\/Ajo-ohjeet.png 1036w\" sizes=\"(max-width: 186px) 100vw, 186px\" \/><\/a><\/p>\n","protected":false},"excerpt":{"rendered":"<p>SIJAINTI JA AJO-OHJEET N\u00e4yt\u00e4 sijainti kartalla Ajo-ohje Avaa kuva suurempana klikkaamalla sit\u00e4<\/p>\n","protected":false},"author":1,"featured_media":0,"parent":0,"menu_order":0,"comment_status":"closed","ping_status":"closed","template":"","meta":{"footnotes":""},"_links":{"self":[{"href":"http:\/\/www.kelokolo.fi\/index.php?rest_route=\/wp\/v2\/pages\/218"}],"collection":[{"href":"http:\/\/www.kelokolo.fi\/index.php?rest_route=\/wp\/v2\/pages"}],"about":[{"href":"http:\/\/www.kelokolo.fi\/index.php?rest_route=\/wp\/v2\/types\/page"}],"author":[{"embeddable":true,"href":"http:\/\/www.kelokolo.fi\/index.php?rest_route=\/wp\/v2\/users\/1"}],"replies":[{"embeddable":true,"href":"http:\/\/www.kelokolo.fi\/index.php?rest_route=%2Fwp%2Fv2%2Fcomments&post=218"}],"version-history":[{"count":7,"href":"http:\/\/www.kelokolo.fi\/index.php?rest_route=\/wp\/v2\/pages\/218\/revisions"}],"predecessor-version":[{"id":226,"href":"http:\/\/www.kelokolo.fi\/index.php?rest_route=\/wp\/v2\/pages\/218\/revisions\/226"}],"wp:attachment":[{"href":"http:\/\/www.kelokolo.fi\/index.php?rest_route=%2Fwp%2Fv2%2Fmedia&parent=218"}],"curies":[{"name":"wp","href":"https:\/\/api.w.org\/{rel}","templated":true}]}}